{"id":1034,"date":"2016-04-08T18:16:46","date_gmt":"2016-04-08T16:16:46","guid":{"rendered":"https:\/\/kerweverein-heimkirchen.de\/?page_id=1034"},"modified":"2018-07-12T17:27:49","modified_gmt":"2018-07-12T15:27:49","slug":"der-verein","status":"publish","type":"page","link":"https:\/\/kerweverein-heimkirchen.de\/?page_id=1034","title":{"rendered":"Der Verein"},"content":{"rendered":"<p>Der Kerweverein Heimkirchen wurde am 26. April 2008 gegr\u00fcndet und der Vereinssitz ist\u00a0 in Heimkirchen. Aktuell z\u00e4hlt der Verein \u00fcber 50 Mitglieder. Unser Logo wurde aus dem Wappen des Ortes Heimkirchen entwickelt. Anstatt einer Lanze h\u00e4lt der Ritter ein Bierglas in der Hand, womit das Wappen auf die Hauptveranstaltung im Jahr &#8211; die Heimkircher Kerwe &#8211; anspielt.<\/p>\n<p><a href=\"https:\/\/kerweverein-heimkirchen.de\/wp-content\/uploads\/logo.jpg\" rel=\"attachment wp-att-922\"><img loading=\"lazy\" decoding=\"async\" class=\"wp-image-922 aligncenter\" src=\"https:\/\/kerweverein-heimkirchen.de\/wp-content\/uploads\/logo.jpg\" alt=\"logo\" width=\"469\" height=\"569\" srcset=\"https:\/\/kerweverein-heimkirchen.de\/wp-content\/uploads\/logo.jpg 327w, https:\/\/kerweverein-heimkirchen.de\/wp-content\/uploads\/logo-247x300.jpg 247w\" sizes=\"auto, (max-width: 469px) 100vw, 469px\" \/><\/a><\/p>\n","protected":false},"excerpt":{"rendered":"<p>Der Kerweverein Heimkirchen wurde am 26. April 2008 gegr\u00fcndet und der Vereinssitz ist\u00a0 in Heimkirchen. Aktuell z\u00e4hlt der Verein \u00fcber 50 Mitglieder. Unser Logo wurde aus dem Wappen des Ortes Heimkirchen entwickelt. Anstatt einer Lanze h\u00e4lt der Ritter ein Bierglas in der Hand, womit das Wappen auf die Hauptveranstaltung im Jahr &#8211; die Heimkircher Kerwe [&hellip;]<\/p>\n","protected":false},"author":2,"featured_media":0,"parent":0,"menu_order":1,"comment_status":"closed","ping_status":"closed","template":"","meta":{"footnotes":""},"class_list":["post-1034","page","type-page","status-publish","hentry"],"_links":{"self":[{"href":"https:\/\/kerweverein-heimkirchen.de\/index.php?rest_route=\/wp\/v2\/pages\/1034","targetHints":{"allow":["GET"]}}],"collection":[{"href":"https:\/\/kerweverein-heimkirchen.de\/index.php?rest_route=\/wp\/v2\/pages"}],"about":[{"href":"https:\/\/kerweverein-heimkirchen.de\/index.php?rest_route=\/wp\/v2\/types\/page"}],"author":[{"embeddable":true,"href":"https:\/\/kerweverein-heimkirchen.de\/index.php?rest_route=\/wp\/v2\/users\/2"}],"replies":[{"embeddable":true,"href":"https:\/\/kerweverein-heimkirchen.de\/index.php?rest_route=%2Fwp%2Fv2%2Fcomments&post=1034"}],"version-history":[{"count":0,"href":"https:\/\/kerweverein-heimkirchen.de\/index.php?rest_route=\/wp\/v2\/pages\/1034\/revisions"}],"wp:attachment":[{"href":"https:\/\/kerweverein-heimkirchen.de\/index.php?rest_route=%2Fwp%2Fv2%2Fmedia&parent=1034"}],"curies":[{"name":"wp","href":"https:\/\/api.w.org\/{rel}","templated":true}]}}