{"id":1042,"date":"2016-04-08T18:21:05","date_gmt":"2016-04-08T16:21:05","guid":{"rendered":"https:\/\/kerweverein-heimkirchen.de\/?page_id=1042"},"modified":"2016-04-09T11:43:59","modified_gmt":"2016-04-09T09:43:59","slug":"chronik","status":"publish","type":"page","link":"https:\/\/kerweverein-heimkirchen.de\/?page_id=1042","title":{"rendered":"Chronik"},"content":{"rendered":"<h3>Die Gr\u00fcndung<\/h3>\n<p>Der Kerweverein wurde am 26. April 2008 gegr\u00fcndet und hat sich urspr\u00fcnglich aus der Strau\u00dfjugend und mehreren Sympathiesanten zusammengesetzt. Bei der Gr\u00fcndung z\u00e4hlte der Verein 23 Mitglieder, als erster Vereinsvorstand wurde Dominic Schunk gew\u00e4hlt. Der Kerweverein setzt sich daf\u00fcr ein, dass bei der Zeltkerwe auch die Jugend Geh\u00f6r findet. Ziel des Vereins ist es, die Kerwe mitzuorganisieren und auch die Strau\u00dfjugend zu unterst\u00fctzen. Ebenfalls hat es sich der Verein zu Aufgabe gemacht, den Alltag in der kleinen Gemeinde durch kurzweilige Veranstaltungen aufzulockern.<\/p>\n<h3>Die erste Gro\u00dfveranstaltung<\/h3>\n<p>Nach der Gr\u00fcndung hat sich der Verein f\u00fcr den Erhalt des Kerwefreitags eingesetzt. Damals war es unklar, ob der Kerwefreitag \u00fcberhaupt weiter stattfindet oder ganz aus dem Kerweprogramm gestrichen wird. Wir haben die Band \u201ePainted Dogs\u201c organisiert und auch die Schichtverteilung am Freitag allein mit der Strau\u00dfjugend und den jungen Menschen aus dem Ort gestemmt. Dieser Plan ist aufgegangen! Obwohl der Freitag kurz vorm Aus stand, hat sich dieser Tag mittlerweile zum Geheimtipp entwickelt. Nach einer erfolgreichen Zeit mit der Rockband, sind wir mittlerweile auf DJ-Musik umgestiegen \u2013 mit einer durchweg positiven Resonanz. Im Jahr 2015 z\u00e4hlten wir \u00fcber 300 G\u00e4ste aus Nah und Fern \u2013 ein Wahnsinn, wenn man sich \u00fcberlegt, dass Heimkirchen gerade einmal 200 Einwohner besitzt.<\/p>\n<h3>Selbstst\u00e4ndiger Veranstalter<\/h3>\n<p>Als erste selbstst\u00e4ndige Veranstaltung hat sich der Verein mit der Ausrichtung eines Gl\u00fchweinfestes am 3. Adventssamstag befasst. Im Dorfmittelpunkt am Brunnen werden j\u00e4hrlich verschiedene K\u00f6stlichkeiten angeboten. Mithilfe der Unterst\u00fctzung des M\u00e4nnergesangvereins, der in der Vorweihnachtszeit besinnliche Lieder am Christbaum votr\u00e4gt, hat sich das Gl\u00fchweinfest zu einem vorweihnachtlichen Ereignis entwickelt.<\/p>\n<h3>Ein zweites Standbein<\/h3>\n<p>Als im Jahr 2011 die erste Kulinarische Wanderung in der Verbandsgemeinde ausgerichtet wurde, z\u00e4hlte der Kerweverein Heimkirchen zu den Gr\u00fcndungsmitgliedern. An unserem Stand &#8222;Im Hirtenfeld&#8220;\u00a0 verk\u00f6stigen wir die Besucher mit selbstgebackenen Kuchen, die von allen Vereinen gespendet werden. Seit 2012 sorgen wir mit unserem Lik\u00f6rstand f\u00fcr ein besonderes kulinarisches Erlebnis der Wanderung.<\/p>\n","protected":false},"excerpt":{"rendered":"<p>Die Gr\u00fcndung Der Kerweverein wurde am 26. April 2008 gegr\u00fcndet und hat sich urspr\u00fcnglich aus der Strau\u00dfjugend und mehreren Sympathiesanten zusammengesetzt. Bei der Gr\u00fcndung z\u00e4hlte der Verein 23 Mitglieder, als erster Vereinsvorstand wurde Dominic Schunk gew\u00e4hlt. Der Kerweverein setzt sich daf\u00fcr ein, dass bei der Zeltkerwe auch die Jugend Geh\u00f6r findet. Ziel des Vereins ist [&hellip;]<\/p>\n","protected":false},"author":2,"featured_media":0,"parent":1034,"menu_order":0,"comment_status":"closed","ping_status":"closed","template":"","meta":{"footnotes":""},"class_list":["post-1042","page","type-page","status-publish","hentry"],"_links":{"self":[{"href":"https:\/\/kerweverein-heimkirchen.de\/index.php?rest_route=\/wp\/v2\/pages\/1042","targetHints":{"allow":["GET"]}}],"collection":[{"href":"https:\/\/kerweverein-heimkirchen.de\/index.php?rest_route=\/wp\/v2\/pages"}],"about":[{"href":"https:\/\/kerweverein-heimkirchen.de\/index.php?rest_route=\/wp\/v2\/types\/page"}],"author":[{"embeddable":true,"href":"https:\/\/kerweverein-heimkirchen.de\/index.php?rest_route=\/wp\/v2\/users\/2"}],"replies":[{"embeddable":true,"href":"https:\/\/kerweverein-heimkirchen.de\/index.php?rest_route=%2Fwp%2Fv2%2Fcomments&post=1042"}],"version-history":[{"count":0,"href":"https:\/\/kerweverein-heimkirchen.de\/index.php?rest_route=\/wp\/v2\/pages\/1042\/revisions"}],"up":[{"embeddable":true,"href":"https:\/\/kerweverein-heimkirchen.de\/index.php?rest_route=\/wp\/v2\/pages\/1034"}],"wp:attachment":[{"href":"https:\/\/kerweverein-heimkirchen.de\/index.php?rest_route=%2Fwp%2Fv2%2Fmedia&parent=1042"}],"curies":[{"name":"wp","href":"https:\/\/api.w.org\/{rel}","templated":true}]}}