{"id":1072,"date":"2016-04-08T18:31:57","date_gmt":"2016-04-08T16:31:57","guid":{"rendered":"https:\/\/kerweverein-heimkirchen.de\/?page_id=1072"},"modified":"2016-04-08T21:51:56","modified_gmt":"2016-04-08T19:51:56","slug":"spritzenhaus","status":"publish","type":"page","link":"https:\/\/kerweverein-heimkirchen.de\/?page_id=1072","title":{"rendered":"Spritzenhaus"},"content":{"rendered":"<p>Das Domizil der Strau\u00dfjugend ist das Spritzenhaus, das an der Weggabelung zum Holborerhof und zum Kreuzhof liegt. Von Juni bis August treffen sich dort die Jugendlichen zur allgemeinen Kerwevorbereitung und zum Kn\u00fcpfen des Kerwestrau\u00dfes. Die Jugendlichen haben sich einen ger\u00e4umigen Ort geschaffen, der auch an ausgew\u00e4hlten Freitagn als allgemeiner Treff- und Angelpunkt genutzt wird.<\/p>\n","protected":false},"excerpt":{"rendered":"<p>Das Domizil der Strau\u00dfjugend ist das Spritzenhaus, das an der Weggabelung zum Holborerhof und zum Kreuzhof liegt. Von Juni bis August treffen sich dort die Jugendlichen zur allgemeinen Kerwevorbereitung und zum Kn\u00fcpfen des Kerwestrau\u00dfes. Die Jugendlichen haben sich einen ger\u00e4umigen Ort geschaffen, der auch an ausgew\u00e4hlten Freitagn als allgemeiner Treff- und Angelpunkt genutzt wird.<\/p>\n","protected":false},"author":2,"featured_media":0,"parent":1065,"menu_order":3,"comment_status":"closed","ping_status":"closed","template":"","meta":{"footnotes":""},"class_list":["post-1072","page","type-page","status-publish","hentry"],"_links":{"self":[{"href":"https:\/\/kerweverein-heimkirchen.de\/index.php?rest_route=\/wp\/v2\/pages\/1072","targetHints":{"allow":["GET"]}}],"collection":[{"href":"https:\/\/kerweverein-heimkirchen.de\/index.php?rest_route=\/wp\/v2\/pages"}],"about":[{"href":"https:\/\/kerweverein-heimkirchen.de\/index.php?rest_route=\/wp\/v2\/types\/page"}],"author":[{"embeddable":true,"href":"https:\/\/kerweverein-heimkirchen.de\/index.php?rest_route=\/wp\/v2\/users\/2"}],"replies":[{"embeddable":true,"href":"https:\/\/kerweverein-heimkirchen.de\/index.php?rest_route=%2Fwp%2Fv2%2Fcomments&post=1072"}],"version-history":[{"count":0,"href":"https:\/\/kerweverein-heimkirchen.de\/index.php?rest_route=\/wp\/v2\/pages\/1072\/revisions"}],"up":[{"embeddable":true,"href":"https:\/\/kerweverein-heimkirchen.de\/index.php?rest_route=\/wp\/v2\/pages\/1065"}],"wp:attachment":[{"href":"https:\/\/kerweverein-heimkirchen.de\/index.php?rest_route=%2Fwp%2Fv2%2Fmedia&parent=1072"}],"curies":[{"name":"wp","href":"https:\/\/api.w.org\/{rel}","templated":true}]}}